{"id":7220,"date":"2024-10-24T13:32:08","date_gmt":"2024-10-24T11:32:08","guid":{"rendered":"http:\/\/localhost\/nicogcasares\/?page_id=7220"},"modified":"2025-03-28T11:51:21","modified_gmt":"2025-03-28T09:51:21","slug":"equipo-gal","status":"publish","type":"page","link":"https:\/\/nicogcasares.eu\/gl\/equipo-gal\/","title":{"rendered":"Equipo-gal"},"content":{"rendered":"\t\t<div data-elementor-type=\"wp-page\" data-elementor-id=\"7220\" class=\"elementor elementor-7220\" data-elementor-settings=\"{&quot;profecient_custom_cursor_toggle&quot;:false}\">\n\t\t\t\t<div class=\"elementor-element elementor-element-7b8f1da e-con-full e-flex e-con e-parent\" data-id=\"7b8f1da\" data-element_type=\"container\" data-settings=\"{&quot;background_background&quot;:&quot;classic&quot;,&quot;profecient_background_motion_effects_toggle&quot;:0,&quot;profecient_custom_cursor_toggle&quot;:false,&quot;profecient_parallax_effects_toggle&quot;:0,&quot;profecient_mouse_effects_toggle&quot;:0}\">\n\t\t\t\t<div class=\"elementor-element elementor-element-c87f15c elementor-widget elementor-widget-spacer\" data-id=\"c87f15c\" data-element_type=\"widget\" data-settings=\"{&quot;profecient_custom_cursor_toggle&quot;:false,&quot;profecient_parallax_effects_toggle&quot;:0,&quot;profecient_mouse_effects_toggle&quot;:0}\" data-widget_type=\"spacer.default\">\n\t\t\t\t<div class=\"elementor-widget-container\">\n\t\t\t\t\t<div class=\"elementor-spacer\">\n\t\t\t<div class=\"elementor-spacer-inner\"><\/div>\n\t\t<\/div>\n\t\t\t\t<\/div>\n\t\t\t\t<\/div>\n\t\t\t\t<div class=\"elementor-element elementor-element-88b88e7 elementor-widget elementor-widget-heading\" data-id=\"88b88e7\" data-element_type=\"widget\" data-settings=\"{&quot;profecient_custom_cursor_toggle&quot;:false,&quot;profecient_parallax_effects_toggle&quot;:0,&quot;profecient_mouse_effects_toggle&quot;:0}\" data-widget_type=\"heading.default\">\n\t\t\t\t<div class=\"elementor-widget-container\">\n\t\t\t<h1 class=\"elementor-heading-title elementor-size-default\">O noso equipo<\/h1>\t\t<\/div>\n\t\t\t\t<\/div>\n\t\t<div class=\"elementor-element elementor-element-eb1b995 e-grid e-con-full e-con e-child\" data-id=\"eb1b995\" data-element_type=\"container\" data-settings=\"{&quot;profecient_background_motion_effects_toggle&quot;:0,&quot;profecient_custom_cursor_toggle&quot;:false,&quot;profecient_parallax_effects_toggle&quot;:0,&quot;profecient_mouse_effects_toggle&quot;:0}\">\n\t\t<div class=\"elementor-element elementor-element-61d45a0 e-con-full e-flex e-con e-child\" data-id=\"61d45a0\" data-element_type=\"container\" data-settings=\"{&quot;profecient_background_motion_effects_toggle&quot;:0,&quot;profecient_custom_cursor_toggle&quot;:false,&quot;profecient_parallax_effects_toggle&quot;:0,&quot;profecient_mouse_effects_toggle&quot;:0}\">\n\t\t\t\t<div class=\"elementor-element elementor-element-9518983 elementor-widget elementor-widget-jkit_team\" data-id=\"9518983\" data-element_type=\"widget\" data-settings=\"{&quot;profecient_custom_cursor_toggle&quot;:false,&quot;profecient_parallax_effects_toggle&quot;:0,&quot;profecient_mouse_effects_toggle&quot;:0}\" data-widget_type=\"jkit_team.default\">\n\t\t\t\t<div class=\"elementor-widget-container\">\n\t\t\t<div  class=\"jeg-elementor-kit jkit-team style-default  jeg_module___69fe1ed50c427\" ><div class=\"profile-box\">\n                <div class=\"profile-card \">\n                    <div class=\"profile-header jkit-team-img \"><\/div>\n                    <div class=\"profile-body\">\n                <h2 class=\"profile-title\">Ant\u00f3n Dios Mari\u00f1o<\/h2>\n                <p class=\"profile-designation\">Asistente<\/p>\n                <p class=\"profile-content\">Licenciado en Ciencias da Comunicaci\u00f3n pola Universidade de Santiago de Compostela. Exerceu como xornalista en prensa escrita antes de dar o paso \u00e1 comunicaci\u00f3n pol\u00edtica e institucional, primeiro no PSdeG-PSOE (2005) e, posteriormente, na Xunta de Galicia (2005-2009), o PSOE (2009-2011) e a Portavoc\u00eda do Goberno de Espa\u00f1a (2011). Pechada esta etapa, comezou a exercer como asesor no Grupo Parlamentario Socialista no Congreso dos Deputados ata que en 2014 se uniu ao grupo de asesores parlamentarios da Delegaci\u00f3n Socialista Espa\u00f1ola no Parlamento Europeo, traballando desde ent\u00f3n na Comisi\u00f3n de Industria, Investigaci\u00f3n e Enerx\u00eda e, desde 2019, tam\u00e9n na Comisi\u00f3n de Pesca.\n<\/p>\n            <\/div>\n            <div class=\"profile-footer\">\n                <ul class=\"social-list\"><li class=\"social-icon elementor-repeater-item-05d0fea\"><a href=\"https:\/\/www.linkedin.com\/in\/antondios\/\" target=\"_blank\" aria-label=\"social-icon\"><svg viewBox=\"0 0 448 512\" xmlns=\"http:\/\/www.w3.org\/2000\/svg\"><path d=\"M100.28 448H7.4V148.9h92.88zM53.79 108.1C24.09 108.1 0 83.5 0 53.8a53.79 53.79 0 0 1 107.58 0c0 29.7-24.1 54.3-53.79 54.3zM447.9 448h-92.68V302.4c0-34.7-.7-79.2-48.29-79.2-48.29 0-55.69 37.7-55.69 76.7V448h-92.78V148.9h89.08v40.8h1.3c12.4-23.5 42.69-48.3 87.88-48.3 94 0 111.28 61.9 111.28 142.3V448z\"><\/path><\/svg><\/a><\/li><\/ul>\n            <\/div>\n                    \n                <\/div>\n            <\/div><\/div>\t\t<\/div>\n\t\t\t\t<\/div>\n\t\t\t\t<\/div>\n\t\t<div class=\"elementor-element elementor-element-2eaed7b e-con-full e-flex e-con e-child\" data-id=\"2eaed7b\" data-element_type=\"container\" data-settings=\"{&quot;profecient_background_motion_effects_toggle&quot;:0,&quot;profecient_custom_cursor_toggle&quot;:false,&quot;profecient_parallax_effects_toggle&quot;:0,&quot;profecient_mouse_effects_toggle&quot;:0}\">\n\t\t\t\t<div class=\"elementor-element elementor-element-7bf96f8 elementor-widget elementor-widget-jkit_team\" data-id=\"7bf96f8\" data-element_type=\"widget\" data-settings=\"{&quot;profecient_custom_cursor_toggle&quot;:false,&quot;profecient_parallax_effects_toggle&quot;:0,&quot;profecient_mouse_effects_toggle&quot;:0}\" data-widget_type=\"jkit_team.default\">\n\t\t\t\t<div class=\"elementor-widget-container\">\n\t\t\t<div  class=\"jeg-elementor-kit jkit-team style-default  jeg_module__1_69fe1ed50d25c\" ><div class=\"profile-box\">\n                <div class=\"profile-card \">\n                    <div class=\"profile-header jkit-team-img \"><\/div>\n                    <div class=\"profile-body\">\n                <h2 class=\"profile-title\">Pablo Pintos<\/h2>\n                <p class=\"profile-designation\">Asistente<\/p>\n                <p class=\"profile-content\">Enxe\u00f1eiro Industrial. M\u00e1ster en Enerx\u00eda e Sustentabilidade pola Universidade de Vigo e Doutor pola Universidade Pontificia de Comillas (ICAI) cunha tese na que analizou o mercado europeo de comercio de emisi\u00f3ns de CO2. Traballou como analista de investigaci\u00f3n en Economics for Energy, con estad\u00edas no Instituto de Investigaci\u00f3n Tecnol\u00f3xica (IIT) de Comillas, centr\u00e1ndose a s\u00faa actividade no an\u00e1lise e validaci\u00f3n de datos e no apoio sobre descrici\u00f3n e valoraci\u00f3n de tecnolox\u00edas enerx\u00e9tico-ambientais.\n\nHa trabajado como analista de investigaci\u00f3n en Economics for Energy, con estancias en el Instituto de Investigaci\u00f3n Tecnol\u00f3gica (IIT) de Comillas, centr\u00e1ndose su actividad en el an\u00e1lisis y validaci\u00f3n de datos y en el apoyo sobre descripci\u00f3n y valoraci\u00f3n de tecnolog\u00edas energ\u00e9tico-ambientales.<\/p>\n            <\/div>\n            <div class=\"profile-footer\">\n                <ul class=\"social-list\"><li class=\"social-icon elementor-repeater-item-05d0fea\"><a href=\"https:\/\/www.linkedin.com\/in\/pablopintos\/\" target=\"_blank\" aria-label=\"social-icon\"><svg viewBox=\"0 0 448 512\" xmlns=\"http:\/\/www.w3.org\/2000\/svg\"><path d=\"M100.28 448H7.4V148.9h92.88zM53.79 108.1C24.09 108.1 0 83.5 0 53.8a53.79 53.79 0 0 1 107.58 0c0 29.7-24.1 54.3-53.79 54.3zM447.9 448h-92.68V302.4c0-34.7-.7-79.2-48.29-79.2-48.29 0-55.69 37.7-55.69 76.7V448h-92.78V148.9h89.08v40.8h1.3c12.4-23.5 42.69-48.3 87.88-48.3 94 0 111.28 61.9 111.28 142.3V448z\"><\/path><\/svg><\/a><\/li><\/ul>\n            <\/div>\n                    \n                <\/div>\n            <\/div><\/div>\t\t<\/div>\n\t\t\t\t<\/div>\n\t\t\t\t<\/div>\n\t\t\t\t<div class=\"elementor-element elementor-element-762c858 elementor-widget elementor-widget-jkit_team\" data-id=\"762c858\" data-element_type=\"widget\" data-settings=\"{&quot;profecient_custom_cursor_toggle&quot;:false,&quot;profecient_parallax_effects_toggle&quot;:0,&quot;profecient_mouse_effects_toggle&quot;:0}\" data-widget_type=\"jkit_team.default\">\n\t\t\t\t<div class=\"elementor-widget-container\">\n\t\t\t<div  class=\"jeg-elementor-kit jkit-team style-default  jeg_module__2_69fe1ed50dcd8\" ><div class=\"profile-box\">\n                <div class=\"profile-card \">\n                    <div class=\"profile-header jkit-team-img \"><\/div>\n                    <div class=\"profile-body\">\n                <h2 class=\"profile-title\">Rub\u00e9n Prol Mari\u00f1o<\/h2>\n                <p class=\"profile-designation\">Asistente<\/p>\n                <p class=\"profile-content\">Xurista e profesor. Graduado en dereito pola Universidade de Santiago de Compostela, fixo o M\u00e1ster de Profesorado de Educaci\u00f3n Secundaria na mesma universidade e o de Avogac\u00eda na UNED. Foi elixido concelleiro en Santiago de Compostela, onde exerceu as delegaci\u00f3ns de Educaci\u00f3n, Mocidade e Pol\u00edticas Ling\u00fc\u00edsticas entre o ano 2020 e 2023. Foi Profesor de procesos administrativos no IES as Fonti\u00f1as, bolseiro na delegaci\u00f3n socialista europea e traballa actualmente como asistente parlamentario en pol\u00edticas sanitarias.\n<\/p>\n            <\/div>\n            <div class=\"profile-footer\">\n                <ul class=\"social-list\"><li class=\"social-icon elementor-repeater-item-05d0fea\"><a href=\"https:\/\/www.linkedin.com\/in\/rub%C3%A9n-prol-mari%C3%B1o-591bb9236\/\" target=\"_blank\" aria-label=\"social-icon\"><svg viewBox=\"0 0 448 512\" xmlns=\"http:\/\/www.w3.org\/2000\/svg\"><path d=\"M100.28 448H7.4V148.9h92.88zM53.79 108.1C24.09 108.1 0 83.5 0 53.8a53.79 53.79 0 0 1 107.58 0c0 29.7-24.1 54.3-53.79 54.3zM447.9 448h-92.68V302.4c0-34.7-.7-79.2-48.29-79.2-48.29 0-55.69 37.7-55.69 76.7V448h-92.78V148.9h89.08v40.8h1.3c12.4-23.5 42.69-48.3 87.88-48.3 94 0 111.28 61.9 111.28 142.3V448z\"><\/path><\/svg><\/a><\/li><\/ul>\n            <\/div>\n                    \n                <\/div>\n            <\/div><\/div>\t\t<\/div>\n\t\t\t\t<\/div>\n\t\t<div class=\"elementor-element elementor-element-cbab4d3 e-con-full e-flex e-con e-child\" data-id=\"cbab4d3\" data-element_type=\"container\" data-settings=\"{&quot;profecient_background_motion_effects_toggle&quot;:0,&quot;profecient_custom_cursor_toggle&quot;:false,&quot;profecient_parallax_effects_toggle&quot;:0,&quot;profecient_mouse_effects_toggle&quot;:0}\">\n\t\t\t\t<div class=\"elementor-element elementor-element-d52c18c elementor-widget elementor-widget-jkit_team\" data-id=\"d52c18c\" data-element_type=\"widget\" data-settings=\"{&quot;profecient_custom_cursor_toggle&quot;:false,&quot;profecient_parallax_effects_toggle&quot;:0,&quot;profecient_mouse_effects_toggle&quot;:0}\" data-widget_type=\"jkit_team.default\">\n\t\t\t\t<div class=\"elementor-widget-container\">\n\t\t\t<div  class=\"jeg-elementor-kit jkit-team style-default  jeg_module__3_69fe1ed50e700\" ><div class=\"profile-box\">\n                <div class=\"profile-card \">\n                    <div class=\"profile-header jkit-team-img \"><\/div>\n                    <div class=\"profile-body\">\n                <h2 class=\"profile-title\">Paloma Barreiro Tasende<\/h2>\n                <p class=\"profile-designation\">Bolseira<\/p>\n                <p class=\"profile-content\">Estudou filosof\u00eda na Universidade Complutense de Madrid, o seu traballo de fin de carreira foi un estudo de pol\u00edticas do desexo, e o xiro afectivo desde unha perspectiva feminista. \u00c9 m\u00fasica profesional e produtora musical e actualmente \u00e9 bolseira na delegaci\u00f3n socialista europea.\n\n\n<\/p>\n            <\/div>\n            <div class=\"profile-footer\">\n                <ul class=\"social-list\"><li class=\"social-icon elementor-repeater-item-05d0fea\"><a href=\"https:\/\/www.linkedin.com\/in\/paloma-barreiro-285969254\/\" target=\"_blank\" aria-label=\"social-icon\"><svg viewBox=\"0 0 448 512\" xmlns=\"http:\/\/www.w3.org\/2000\/svg\"><path d=\"M100.28 448H7.4V148.9h92.88zM53.79 108.1C24.09 108.1 0 83.5 0 53.8a53.79 53.79 0 0 1 107.58 0c0 29.7-24.1 54.3-53.79 54.3zM447.9 448h-92.68V302.4c0-34.7-.7-79.2-48.29-79.2-48.29 0-55.69 37.7-55.69 76.7V448h-92.78V148.9h89.08v40.8h1.3c12.4-23.5 42.69-48.3 87.88-48.3 94 0 111.28 61.9 111.28 142.3V448z\"><\/path><\/svg><\/a><\/li><\/ul>\n            <\/div>\n                    \n                <\/div>\n            <\/div><\/div>\t\t<\/div>\n\t\t\t\t<\/div>\n\t\t\t\t<\/div>\n\t\t\t\t<\/div>\n\t\t\t\t<\/div>\n\t\t\t\t<\/div>\n\t\t","protected":false},"excerpt":{"rendered":"<p>O noso equipo Ant\u00f3n Dios Mari\u00f1o Asistente Licenciado en Ciencias da Comunicaci\u00f3n pola Universidade de Santiago de Compostela. Exerceu como xornalista en prensa escrita antes de dar o paso \u00e1 comunicaci\u00f3n pol\u00edtica e institucional, primeiro no PSdeG-PSOE (2005) e, posteriormente, na Xunta de Galicia (2005-2009), o PSOE (2009-2011) e a Portavoc\u00eda do Goberno de Espa\u00f1a [&hellip;]<\/p>\n","protected":false},"author":5,"featured_media":0,"parent":0,"menu_order":0,"comment_status":"closed","ping_status":"closed","template":"elementor_header_footer","meta":{"footnotes":""},"yoast_head":"<!-- This site is optimized with the Yoast SEO plugin v22.3 - https:\/\/yoast.com\/wordpress\/plugins\/seo\/ -->\n<title>Equipo-gal - Nico G. Casares<\/title>\n<meta name=\"robots\" content=\"index, follow, max-snippet:-1, max-image-preview:large, max-video-preview:-1\" \/>\n<link rel=\"canonical\" href=\"https:\/\/nicogcasares.eu\/gl\/equipo-gal\/\" \/>\n<meta property=\"og:locale\" content=\"gl_ES\" \/>\n<meta property=\"og:type\" content=\"article\" \/>\n<meta property=\"og:title\" content=\"Equipo-gal - Nico G. Casares\" \/>\n<meta property=\"og:description\" content=\"O noso equipo Ant\u00f3n Dios Mari\u00f1o Asistente Licenciado en Ciencias da Comunicaci\u00f3n pola Universidade de Santiago de Compostela. Exerceu como xornalista en prensa escrita antes de dar o paso \u00e1 comunicaci\u00f3n pol\u00edtica e institucional, primeiro no PSdeG-PSOE (2005) e, posteriormente, na Xunta de Galicia (2005-2009), o PSOE (2009-2011) e a Portavoc\u00eda do Goberno de Espa\u00f1a [&hellip;]\" \/>\n<meta property=\"og:url\" content=\"https:\/\/nicogcasares.eu\/gl\/equipo-gal\/\" \/>\n<meta property=\"og:site_name\" content=\"Nico G. Casares\" \/>\n<meta property=\"article:modified_time\" content=\"2025-03-28T09:51:21+00:00\" \/>\n<meta property=\"og:image\" content=\"https:\/\/nicogcasares.eu\/wp-content\/uploads\/2023\/07\/Nicolas-Gonzalez-Casares.-ALEXIS-HAULOT-PE.jpg\" \/>\n\t<meta property=\"og:image:width\" content=\"768\" \/>\n\t<meta property=\"og:image:height\" content=\"512\" \/>\n\t<meta property=\"og:image:type\" content=\"image\/jpeg\" \/>\n<meta name=\"twitter:card\" content=\"summary_large_image\" \/>\n<meta name=\"twitter:site\" content=\"@nicogoncas\" \/>\n<meta name=\"twitter:label1\" content=\"Tempo de lectura\" \/>\n\t<meta name=\"twitter:data1\" content=\"2 minutos\" \/>\n<script type=\"application\/ld+json\" class=\"yoast-schema-graph\">{\"@context\":\"https:\/\/schema.org\",\"@graph\":[{\"@type\":\"WebPage\",\"@id\":\"https:\/\/nicogcasares.eu\/gl\/equipo-gal\/\",\"url\":\"https:\/\/nicogcasares.eu\/gl\/equipo-gal\/\",\"name\":\"Equipo-gal - Nico G. Casares\",\"isPartOf\":{\"@id\":\"https:\/\/nicogcasares.eu\/gl\/#website\"},\"datePublished\":\"2024-10-24T11:32:08+00:00\",\"dateModified\":\"2025-03-28T09:51:21+00:00\",\"breadcrumb\":{\"@id\":\"https:\/\/nicogcasares.eu\/gl\/equipo-gal\/#breadcrumb\"},\"inLanguage\":\"gl-ES\",\"potentialAction\":[{\"@type\":\"ReadAction\",\"target\":[\"https:\/\/nicogcasares.eu\/gl\/equipo-gal\/\"]}]},{\"@type\":\"BreadcrumbList\",\"@id\":\"https:\/\/nicogcasares.eu\/gl\/equipo-gal\/#breadcrumb\",\"itemListElement\":[{\"@type\":\"ListItem\",\"position\":1,\"name\":\"Portada\",\"item\":\"https:\/\/nicogcasares.eu\/gl\/\"},{\"@type\":\"ListItem\",\"position\":2,\"name\":\"Equipo-gal\"}]},{\"@type\":\"WebSite\",\"@id\":\"https:\/\/nicogcasares.eu\/gl\/#website\",\"url\":\"https:\/\/nicogcasares.eu\/gl\/\",\"name\":\"Nico G. Casares\",\"description\":\"Diputado socialista en el parlamento europeo\",\"publisher\":{\"@id\":\"https:\/\/nicogcasares.eu\/gl\/#\/schema\/person\/75361477143e596646d48598a3778163\"},\"potentialAction\":[{\"@type\":\"SearchAction\",\"target\":{\"@type\":\"EntryPoint\",\"urlTemplate\":\"https:\/\/nicogcasares.eu\/gl\/?s={search_term_string}\"},\"query-input\":\"required name=search_term_string\"}],\"inLanguage\":\"gl-ES\"},{\"@type\":[\"Person\",\"Organization\"],\"@id\":\"https:\/\/nicogcasares.eu\/gl\/#\/schema\/person\/75361477143e596646d48598a3778163\",\"name\":\"Nicol\u00e1s Gonz\u00e1lez Casares\",\"image\":{\"@type\":\"ImageObject\",\"inLanguage\":\"gl-ES\",\"@id\":\"https:\/\/nicogcasares.eu\/gl\/#\/schema\/person\/image\/\",\"url\":\"https:\/\/nicogcasares.eu\/wp-content\/uploads\/2021\/11\/20211006_EP-119139A_FMA_0895_RESIZED_S.jpg\",\"contentUrl\":\"https:\/\/nicogcasares.eu\/wp-content\/uploads\/2021\/11\/20211006_EP-119139A_FMA_0895_RESIZED_S.jpg\",\"width\":639,\"height\":426,\"caption\":\"Nicol\u00e1s Gonz\u00e1lez Casares\"},\"logo\":{\"@id\":\"https:\/\/nicogcasares.eu\/gl\/#\/schema\/person\/image\/\"}}]}<\/script>\n<!-- \/ Yoast SEO plugin. -->","yoast_head_json":{"title":"Equipo-gal - Nico G. Casares","robots":{"index":"index","follow":"follow","max-snippet":"max-snippet:-1","max-image-preview":"max-image-preview:large","max-video-preview":"max-video-preview:-1"},"canonical":"https:\/\/nicogcasares.eu\/gl\/equipo-gal\/","og_locale":"gl_ES","og_type":"article","og_title":"Equipo-gal - Nico G. Casares","og_description":"O noso equipo Ant\u00f3n Dios Mari\u00f1o Asistente Licenciado en Ciencias da Comunicaci\u00f3n pola Universidade de Santiago de Compostela. Exerceu como xornalista en prensa escrita antes de dar o paso \u00e1 comunicaci\u00f3n pol\u00edtica e institucional, primeiro no PSdeG-PSOE (2005) e, posteriormente, na Xunta de Galicia (2005-2009), o PSOE (2009-2011) e a Portavoc\u00eda do Goberno de Espa\u00f1a [&hellip;]","og_url":"https:\/\/nicogcasares.eu\/gl\/equipo-gal\/","og_site_name":"Nico G. Casares","article_modified_time":"2025-03-28T09:51:21+00:00","og_image":[{"width":768,"height":512,"url":"https:\/\/nicogcasares.eu\/wp-content\/uploads\/2023\/07\/Nicolas-Gonzalez-Casares.-ALEXIS-HAULOT-PE.jpg","type":"image\/jpeg"}],"twitter_card":"summary_large_image","twitter_site":"@nicogoncas","twitter_misc":{"Tempo de lectura":"2 minutos"},"schema":{"@context":"https:\/\/schema.org","@graph":[{"@type":"WebPage","@id":"https:\/\/nicogcasares.eu\/gl\/equipo-gal\/","url":"https:\/\/nicogcasares.eu\/gl\/equipo-gal\/","name":"Equipo-gal - Nico G. Casares","isPartOf":{"@id":"https:\/\/nicogcasares.eu\/gl\/#website"},"datePublished":"2024-10-24T11:32:08+00:00","dateModified":"2025-03-28T09:51:21+00:00","breadcrumb":{"@id":"https:\/\/nicogcasares.eu\/gl\/equipo-gal\/#breadcrumb"},"inLanguage":"gl-ES","potentialAction":[{"@type":"ReadAction","target":["https:\/\/nicogcasares.eu\/gl\/equipo-gal\/"]}]},{"@type":"BreadcrumbList","@id":"https:\/\/nicogcasares.eu\/gl\/equipo-gal\/#breadcrumb","itemListElement":[{"@type":"ListItem","position":1,"name":"Portada","item":"https:\/\/nicogcasares.eu\/gl\/"},{"@type":"ListItem","position":2,"name":"Equipo-gal"}]},{"@type":"WebSite","@id":"https:\/\/nicogcasares.eu\/gl\/#website","url":"https:\/\/nicogcasares.eu\/gl\/","name":"Nico G. Casares","description":"Diputado socialista en el parlamento europeo","publisher":{"@id":"https:\/\/nicogcasares.eu\/gl\/#\/schema\/person\/75361477143e596646d48598a3778163"},"potentialAction":[{"@type":"SearchAction","target":{"@type":"EntryPoint","urlTemplate":"https:\/\/nicogcasares.eu\/gl\/?s={search_term_string}"},"query-input":"required name=search_term_string"}],"inLanguage":"gl-ES"},{"@type":["Person","Organization"],"@id":"https:\/\/nicogcasares.eu\/gl\/#\/schema\/person\/75361477143e596646d48598a3778163","name":"Nicol\u00e1s Gonz\u00e1lez Casares","image":{"@type":"ImageObject","inLanguage":"gl-ES","@id":"https:\/\/nicogcasares.eu\/gl\/#\/schema\/person\/image\/","url":"https:\/\/nicogcasares.eu\/wp-content\/uploads\/2021\/11\/20211006_EP-119139A_FMA_0895_RESIZED_S.jpg","contentUrl":"https:\/\/nicogcasares.eu\/wp-content\/uploads\/2021\/11\/20211006_EP-119139A_FMA_0895_RESIZED_S.jpg","width":639,"height":426,"caption":"Nicol\u00e1s Gonz\u00e1lez Casares"},"logo":{"@id":"https:\/\/nicogcasares.eu\/gl\/#\/schema\/person\/image\/"}}]}},"_links":{"self":[{"href":"https:\/\/nicogcasares.eu\/gl\/wp-json\/wp\/v2\/pages\/7220"}],"collection":[{"href":"https:\/\/nicogcasares.eu\/gl\/wp-json\/wp\/v2\/pages"}],"about":[{"href":"https:\/\/nicogcasares.eu\/gl\/wp-json\/wp\/v2\/types\/page"}],"author":[{"embeddable":true,"href":"https:\/\/nicogcasares.eu\/gl\/wp-json\/wp\/v2\/users\/5"}],"replies":[{"embeddable":true,"href":"https:\/\/nicogcasares.eu\/gl\/wp-json\/wp\/v2\/comments?post=7220"}],"version-history":[{"count":12,"href":"https:\/\/nicogcasares.eu\/gl\/wp-json\/wp\/v2\/pages\/7220\/revisions"}],"predecessor-version":[{"id":8198,"href":"https:\/\/nicogcasares.eu\/gl\/wp-json\/wp\/v2\/pages\/7220\/revisions\/8198"}],"wp:attachment":[{"href":"https:\/\/nicogcasares.eu\/gl\/wp-json\/wp\/v2\/media?parent=7220"}],"curies":[{"name":"wp","href":"https:\/\/api.w.org\/{rel}","templated":true}]}}