{"id":7227,"date":"2024-10-24T13:35:04","date_gmt":"2024-10-24T11:35:04","guid":{"rendered":"http:\/\/localhost\/nicogcasares\/?page_id=7227"},"modified":"2024-10-30T23:08:56","modified_gmt":"2024-10-30T21:08:56","slug":"parlamento-gal","status":"publish","type":"page","link":"https:\/\/nicogcasares.eu\/gl\/parlamento-gal\/","title":{"rendered":"Parlamento-gal"},"content":{"rendered":"\t\t<div data-elementor-type=\"wp-page\" data-elementor-id=\"7227\" class=\"elementor elementor-7227 elementor-6721\" data-elementor-settings=\"{&quot;profecient_custom_cursor_toggle&quot;:false}\">\n\t\t\t\t<div class=\"elementor-element elementor-element-7455016 e-con-full e-flex e-con e-parent\" data-id=\"7455016\" data-element_type=\"container\" data-settings=\"{&quot;background_background&quot;:&quot;classic&quot;,&quot;profecient_background_motion_effects_toggle&quot;:0,&quot;profecient_custom_cursor_toggle&quot;:false,&quot;profecient_parallax_effects_toggle&quot;:0,&quot;profecient_mouse_effects_toggle&quot;:0}\">\n\t\t<div class=\"elementor-element elementor-element-6d03a24 e-con-full e-flex e-con e-child\" data-id=\"6d03a24\" data-element_type=\"container\" data-settings=\"{&quot;profecient_background_motion_effects_toggle&quot;:0,&quot;profecient_custom_cursor_toggle&quot;:false,&quot;profecient_parallax_effects_toggle&quot;:0,&quot;profecient_mouse_effects_toggle&quot;:0}\">\n\t\t\t\t<div class=\"elementor-element elementor-element-1555661 elementor-widget elementor-widget-spacer\" data-id=\"1555661\" data-element_type=\"widget\" data-settings=\"{&quot;profecient_custom_cursor_toggle&quot;:false,&quot;profecient_parallax_effects_toggle&quot;:0,&quot;profecient_mouse_effects_toggle&quot;:0}\" data-widget_type=\"spacer.default\">\n\t\t\t\t<div class=\"elementor-widget-container\">\n\t\t\t\t\t<div class=\"elementor-spacer\">\n\t\t\t<div class=\"elementor-spacer-inner\"><\/div>\n\t\t<\/div>\n\t\t\t\t<\/div>\n\t\t\t\t<\/div>\n\t\t\t\t<div class=\"elementor-element elementor-element-6f13782 elementor-widget elementor-widget-heading\" data-id=\"6f13782\" data-element_type=\"widget\" data-settings=\"{&quot;profecient_custom_cursor_toggle&quot;:false,&quot;profecient_parallax_effects_toggle&quot;:0,&quot;profecient_mouse_effects_toggle&quot;:0}\" data-widget_type=\"heading.default\">\n\t\t\t\t<div class=\"elementor-widget-container\">\n\t\t\t<h2 class=\"elementor-heading-title elementor-size-default\">Parlamento<\/h2>\t\t<\/div>\n\t\t\t\t<\/div>\n\t\t\t\t<div class=\"elementor-element elementor-element-5c28c64 elementor-widget elementor-widget-text-editor\" data-id=\"5c28c64\" data-element_type=\"widget\" data-settings=\"{&quot;profecient_custom_cursor_toggle&quot;:false,&quot;profecient_parallax_effects_toggle&quot;:0,&quot;profecient_mouse_effects_toggle&quot;:0}\" data-widget_type=\"text-editor.default\">\n\t\t\t\t<div class=\"elementor-widget-container\">\n\t\t\t\t\t\t\t<p class=\"p1\">Dende aqu\u00ed poder\u00e1s acceder a toda a mi\u00f1a actividades parlamentaria e seguir o meu d\u00eda a d\u00eda no Parlamento europeo.<\/p>\t\t\t\t\t\t<\/div>\n\t\t\t\t<\/div>\n\t\t\t\t<\/div>\n\t\t<div class=\"elementor-element elementor-element-39df201 e-grid e-con-full e-con e-child\" data-id=\"39df201\" data-element_type=\"container\" data-settings=\"{&quot;profecient_background_motion_effects_toggle&quot;:0,&quot;profecient_custom_cursor_toggle&quot;:false,&quot;profecient_parallax_effects_toggle&quot;:0,&quot;profecient_mouse_effects_toggle&quot;:0}\">\n\t\t<div class=\"elementor-element elementor-element-fc25b93 e-con-full e-flex e-con e-child\" data-id=\"fc25b93\" data-element_type=\"container\" data-settings=\"{&quot;profecient_background_motion_effects_toggle&quot;:0,&quot;profecient_custom_cursor_toggle&quot;:false,&quot;profecient_parallax_effects_toggle&quot;:0,&quot;profecient_mouse_effects_toggle&quot;:0}\">\n\t\t\t\t<div class=\"elementor-element elementor-element-16d0dfa elementor-widget elementor-widget-heading\" data-id=\"16d0dfa\" data-element_type=\"widget\" data-settings=\"{&quot;profecient_custom_cursor_toggle&quot;:false,&quot;profecient_parallax_effects_toggle&quot;:0,&quot;profecient_mouse_effects_toggle&quot;:0}\" data-widget_type=\"heading.default\">\n\t\t\t\t<div class=\"elementor-widget-container\">\n\t\t\t<h5 class=\"elementor-heading-title elementor-size-default\"><a href=\"https:\/\/www.europarl.europa.eu\/meps\/es\/197718\/NICOLAS_GONZALEZ+CASARES\/main-activities\/plenary-speeches#mep-card-content\" target=\"_blank\">Intervenci\u00f3ns<\/a><\/h5>\t\t<\/div>\n\t\t\t\t<\/div>\n\t\t\t\t<div class=\"elementor-element elementor-element-52ecbb7 elementor-widget elementor-widget-text-editor\" data-id=\"52ecbb7\" data-element_type=\"widget\" data-settings=\"{&quot;profecient_custom_cursor_toggle&quot;:false,&quot;profecient_parallax_effects_toggle&quot;:0,&quot;profecient_mouse_effects_toggle&quot;:0}\" data-widget_type=\"text-editor.default\">\n\t\t\t\t<div class=\"elementor-widget-container\">\n\t\t\t\t\t\t\t<p class=\"p1\">Aqu\u00ed atopar\u00e1s a mi\u00f1a participaci\u00f3n en debates, votaci\u00f3ns e outros temas claves para a toma de decisi\u00f3ns na Uni\u00f3n Europea.<\/p>\t\t\t\t\t\t<\/div>\n\t\t\t\t<\/div>\n\t\t\t\t<\/div>\n\t\t<div class=\"elementor-element elementor-element-6ef26a5 e-con-full e-flex e-con e-child\" data-id=\"6ef26a5\" data-element_type=\"container\" data-settings=\"{&quot;profecient_background_motion_effects_toggle&quot;:0,&quot;profecient_custom_cursor_toggle&quot;:false,&quot;profecient_parallax_effects_toggle&quot;:0,&quot;profecient_mouse_effects_toggle&quot;:0}\">\n\t\t\t\t<div class=\"elementor-element elementor-element-26b2ca3 elementor-widget elementor-widget-heading\" data-id=\"26b2ca3\" data-element_type=\"widget\" data-settings=\"{&quot;profecient_custom_cursor_toggle&quot;:false,&quot;profecient_parallax_effects_toggle&quot;:0,&quot;profecient_mouse_effects_toggle&quot;:0}\" data-widget_type=\"heading.default\">\n\t\t\t\t<div class=\"elementor-widget-container\">\n\t\t\t<h5 class=\"elementor-heading-title elementor-size-default\"><a href=\"https:\/\/www.europarl.europa.eu\/meps\/es\/197718\/NICOLAS_GONZALEZ+CASARES\/home#detailedcardmep\" target=\"_blank\">Dossieres lexislativos como ponente alternativo<\/a><\/h5>\t\t<\/div>\n\t\t\t\t<\/div>\n\t\t\t\t<div class=\"elementor-element elementor-element-2c7f66c elementor-widget elementor-widget-text-editor\" data-id=\"2c7f66c\" data-element_type=\"widget\" data-settings=\"{&quot;profecient_custom_cursor_toggle&quot;:false,&quot;profecient_parallax_effects_toggle&quot;:0,&quot;profecient_mouse_effects_toggle&quot;:0}\" data-widget_type=\"text-editor.default\">\n\t\t\t\t<div class=\"elementor-widget-container\">\n\t\t\t\t\t\t\t<p class=\"p1\">Explora a mi\u00f1a contribuci\u00f3n no proceso de redacci\u00f3n e negociaci\u00f3n das leis clave para a Uni\u00f3n Europea, colaborando na elaboraci\u00f3n de propuestas e enmiendas lexislativas.<\/p>\t\t\t\t\t\t<\/div>\n\t\t\t\t<\/div>\n\t\t\t\t<\/div>\n\t\t<div class=\"elementor-element elementor-element-711b46f e-con-full e-flex e-con e-child\" data-id=\"711b46f\" data-element_type=\"container\" data-settings=\"{&quot;profecient_background_motion_effects_toggle&quot;:0,&quot;profecient_custom_cursor_toggle&quot;:false,&quot;profecient_parallax_effects_toggle&quot;:0,&quot;profecient_mouse_effects_toggle&quot;:0}\">\n\t\t\t\t<div class=\"elementor-element elementor-element-bbad4fc elementor-widget elementor-widget-heading\" data-id=\"bbad4fc\" data-element_type=\"widget\" data-settings=\"{&quot;profecient_custom_cursor_toggle&quot;:false,&quot;profecient_parallax_effects_toggle&quot;:0,&quot;profecient_mouse_effects_toggle&quot;:0}\" data-widget_type=\"heading.default\">\n\t\t\t\t<div class=\"elementor-widget-container\">\n\t\t\t<h5 class=\"elementor-heading-title elementor-size-default\"><a href=\"https:\/\/www.europarl.europa.eu\/meps\/es\/197718\/NICOLAS_GONZALEZ+CASARES\/home#detailedcardmep\" target=\"_blank\">Opini\u00f3ns lexislativas coma ponente<\/a><\/h5>\t\t<\/div>\n\t\t\t\t<\/div>\n\t\t\t\t<div class=\"elementor-element elementor-element-f07b787 elementor-widget elementor-widget-text-editor\" data-id=\"f07b787\" data-element_type=\"widget\" data-settings=\"{&quot;profecient_custom_cursor_toggle&quot;:false,&quot;profecient_parallax_effects_toggle&quot;:0,&quot;profecient_mouse_effects_toggle&quot;:0}\" data-widget_type=\"text-editor.default\">\n\t\t\t\t<div class=\"elementor-widget-container\">\n\t\t\t\t\t\t\t<p class=\"p1\">Aqu\u00ed poder\u00e1s explorar as mi\u00f1as an\u00e1lises e recomendaci\u00f3ns sobre diversas propostas lexislativas, reflectindo a sua postura e contribuci\u00f3n ao proceso lexislativo na Uni\u00f3n Europea.<\/p>\t\t\t\t\t\t<\/div>\n\t\t\t\t<\/div>\n\t\t\t\t<\/div>\n\t\t<div class=\"elementor-element elementor-element-abd4f3c e-con-full e-flex e-con e-child\" data-id=\"abd4f3c\" data-element_type=\"container\" data-settings=\"{&quot;profecient_background_motion_effects_toggle&quot;:0,&quot;profecient_custom_cursor_toggle&quot;:false,&quot;profecient_parallax_effects_toggle&quot;:0,&quot;profecient_mouse_effects_toggle&quot;:0}\">\n\t\t\t\t<div class=\"elementor-element elementor-element-9e7c1f8 elementor-widget elementor-widget-heading\" data-id=\"9e7c1f8\" data-element_type=\"widget\" data-settings=\"{&quot;profecient_custom_cursor_toggle&quot;:false,&quot;profecient_parallax_effects_toggle&quot;:0,&quot;profecient_mouse_effects_toggle&quot;:0}\" data-widget_type=\"heading.default\">\n\t\t\t\t<div class=\"elementor-widget-container\">\n\t\t\t<h5 class=\"elementor-heading-title elementor-size-default\"><a href=\"https:\/\/www.europarl.europa.eu\/meps\/es\/197718\/NICOLAS_GONZALEZ+CASARES\/home#detailedcardmep\" target=\"_blank\"><span style=\"font-size: 1.25rem;text-align: var(--text-align);background-color: var( --e-global-color-tertiary )\">Opini\u00f3ns lexislativas<\/span> coma ponente alternativo<\/a><\/h5>\t\t<\/div>\n\t\t\t\t<\/div>\n\t\t\t\t<div class=\"elementor-element elementor-element-afee833 elementor-widget elementor-widget-text-editor\" data-id=\"afee833\" data-element_type=\"widget\" data-settings=\"{&quot;profecient_custom_cursor_toggle&quot;:false,&quot;profecient_parallax_effects_toggle&quot;:0,&quot;profecient_mouse_effects_toggle&quot;:0}\" data-widget_type=\"text-editor.default\">\n\t\t\t\t<div class=\"elementor-widget-container\">\n\t\t\t\t\t\t\t<p class=\"p1\">A trav\u00e9s desta ligaz\u00f3n poder\u00e1s acceder as mi\u00f1as aportaci\u00f3ns, an\u00e1lises e recomendaci\u00f3ns sobre diversas iniciativas lexislativas, destacando o meu papel na construcci\u00f3n de consensos e a mellora de propostas dentro do Parlamento Europeo.<\/p>\t\t\t\t\t\t<\/div>\n\t\t\t\t<\/div>\n\t\t\t\t<\/div>\n\t\t<div class=\"elementor-element elementor-element-b9bbcf1 e-con-full e-flex e-con e-child\" data-id=\"b9bbcf1\" data-element_type=\"container\" data-settings=\"{&quot;profecient_background_motion_effects_toggle&quot;:0,&quot;profecient_custom_cursor_toggle&quot;:false,&quot;profecient_parallax_effects_toggle&quot;:0,&quot;profecient_mouse_effects_toggle&quot;:0}\">\n\t\t\t\t<div class=\"elementor-element elementor-element-15bf480 elementor-widget elementor-widget-heading\" data-id=\"15bf480\" data-element_type=\"widget\" data-settings=\"{&quot;profecient_custom_cursor_toggle&quot;:false,&quot;profecient_parallax_effects_toggle&quot;:0,&quot;profecient_mouse_effects_toggle&quot;:0}\" data-widget_type=\"heading.default\">\n\t\t\t\t<div class=\"elementor-widget-container\">\n\t\t\t<h5 class=\"elementor-heading-title elementor-size-default\"><a href=\"https:\/\/www.europarl.europa.eu\/meps\/es\/197718\/NICOLAS_GONZALEZ+CASARES\/home#mep-card-content\" target=\"_blank\">Explicaci\u00f3ns de voto<\/a><\/h5>\t\t<\/div>\n\t\t\t\t<\/div>\n\t\t\t\t<div class=\"elementor-element elementor-element-8100f85 elementor-widget elementor-widget-text-editor\" data-id=\"8100f85\" data-element_type=\"widget\" data-settings=\"{&quot;profecient_custom_cursor_toggle&quot;:false,&quot;profecient_parallax_effects_toggle&quot;:0,&quot;profecient_mouse_effects_toggle&quot;:0}\" data-widget_type=\"text-editor.default\">\n\t\t\t\t<div class=\"elementor-widget-container\">\n\t\t\t\t\t\t\t<p class=\"p1\">Poder\u00e1s acceder ao resumen das raz\u00f3ns detr\u00e1s dos meus votos en diferentes propostas e debates no Parlamento Europeo, polo que poder\u00e1s co\u00f1ecer mellor o meu enfoque e prioridades pol\u00edticas.<\/p>\t\t\t\t\t\t<\/div>\n\t\t\t\t<\/div>\n\t\t\t\t<\/div>\n\t\t<div class=\"elementor-element elementor-element-7aa4cbd e-con-full e-flex e-con e-child\" data-id=\"7aa4cbd\" data-element_type=\"container\" data-settings=\"{&quot;profecient_background_motion_effects_toggle&quot;:0,&quot;profecient_custom_cursor_toggle&quot;:false,&quot;profecient_parallax_effects_toggle&quot;:0,&quot;profecient_mouse_effects_toggle&quot;:0}\">\n\t\t\t\t<div class=\"elementor-element elementor-element-6f549d2 elementor-widget elementor-widget-heading\" data-id=\"6f549d2\" data-element_type=\"widget\" data-settings=\"{&quot;profecient_custom_cursor_toggle&quot;:false,&quot;profecient_parallax_effects_toggle&quot;:0,&quot;profecient_mouse_effects_toggle&quot;:0}\" data-widget_type=\"heading.default\">\n\t\t\t\t<div class=\"elementor-widget-container\">\n\t\t\t<h5 class=\"elementor-heading-title elementor-size-default\"><a href=\"https:\/\/www.europarl.europa.eu\/meps\/es\/197718\/NICOLAS_GONZALEZ+CASARES\/other-activities\/written-questions-other#mep-card-content\" target=\"_blank\">Preguntas escritas<\/a><\/h5>\t\t<\/div>\n\t\t\t\t<\/div>\n\t\t\t\t<div class=\"elementor-element elementor-element-476668a elementor-widget elementor-widget-text-editor\" data-id=\"476668a\" data-element_type=\"widget\" data-settings=\"{&quot;profecient_custom_cursor_toggle&quot;:false,&quot;profecient_parallax_effects_toggle&quot;:0,&quot;profecient_mouse_effects_toggle&quot;:0}\" data-widget_type=\"text-editor.default\">\n\t\t\t\t<div class=\"elementor-widget-container\">\n\t\t\t\t\t\t\t<p class=\"p1\">Estas preguntas reflecten as mi\u00f1as inquietudes e prioridades en relaci\u00f3n con diversas pol\u00edticas e asuntos que afectan aos cidad\u00e1ns da Uni\u00f3n Europea.<\/p>\t\t\t\t\t\t<\/div>\n\t\t\t\t<\/div>\n\t\t\t\t<\/div>\n\t\t<div class=\"elementor-element elementor-element-04e82a5 e-con-full e-flex e-con e-child\" data-id=\"04e82a5\" data-element_type=\"container\" data-settings=\"{&quot;profecient_background_motion_effects_toggle&quot;:0,&quot;profecient_custom_cursor_toggle&quot;:false,&quot;profecient_parallax_effects_toggle&quot;:0,&quot;profecient_mouse_effects_toggle&quot;:0}\">\n\t\t\t\t<div class=\"elementor-element elementor-element-9e79d7b elementor-widget elementor-widget-heading\" data-id=\"9e79d7b\" data-element_type=\"widget\" data-settings=\"{&quot;profecient_custom_cursor_toggle&quot;:false,&quot;profecient_parallax_effects_toggle&quot;:0,&quot;profecient_mouse_effects_toggle&quot;:0}\" data-widget_type=\"heading.default\">\n\t\t\t\t<div class=\"elementor-widget-container\">\n\t\t\t<h5 class=\"elementor-heading-title elementor-size-default\"><a href=\"https:\/\/www.europarl.europa.eu\/meps\/es\/197718\/NICOLAS_GONZALEZ+CASARES\/declarations#mep-card-content\" target=\"_blank\">Declaraci\u00f3ns parlamentarias<\/a><\/h5>\t\t<\/div>\n\t\t\t\t<\/div>\n\t\t\t\t<div class=\"elementor-element elementor-element-aa6e966 elementor-widget elementor-widget-text-editor\" data-id=\"aa6e966\" data-element_type=\"widget\" data-settings=\"{&quot;profecient_custom_cursor_toggle&quot;:false,&quot;profecient_parallax_effects_toggle&quot;:0,&quot;profecient_mouse_effects_toggle&quot;:0}\" data-widget_type=\"text-editor.default\">\n\t\t\t\t<div class=\"elementor-widget-container\">\n\t\t\t\t\t\t\t<p class=\"p1\">A trav\u00e9s desta ligaz\u00f3n, poder\u00e1s acceder \u00e1s mi\u00f1as intervenci\u00f3ns, discursos e pronunciamientos oficiais, o que che permitir\u00e1 entender mellor o meu compromiso coas pol\u00edticas europeas e os intereses dos cidad\u00e1ns.<\/p>\t\t\t\t\t\t<\/div>\n\t\t\t\t<\/div>\n\t\t\t\t<\/div>\n\t\t\t\t<\/div>\n\t\t\t\t<div class=\"elementor-element elementor-element-fdbb659 elementor-widget elementor-widget-spacer\" data-id=\"fdbb659\" data-element_type=\"widget\" data-settings=\"{&quot;profecient_custom_cursor_toggle&quot;:false,&quot;profecient_parallax_effects_toggle&quot;:0,&quot;profecient_mouse_effects_toggle&quot;:0}\" data-widget_type=\"spacer.default\">\n\t\t\t\t<div class=\"elementor-widget-container\">\n\t\t\t\t\t<div class=\"elementor-spacer\">\n\t\t\t<div class=\"elementor-spacer-inner\"><\/div>\n\t\t<\/div>\n\t\t\t\t<\/div>\n\t\t\t\t<\/div>\n\t\t\t\t<\/div>\n\t\t\t\t<\/div>\n\t\t","protected":false},"excerpt":{"rendered":"<p>Parlamento Dende aqu\u00ed poder\u00e1s acceder a toda a mi\u00f1a actividades parlamentaria e seguir o meu d\u00eda a d\u00eda no Parlamento europeo. Intervenci\u00f3ns Aqu\u00ed atopar\u00e1s a mi\u00f1a participaci\u00f3n en debates, votaci\u00f3ns e outros temas claves para a toma de decisi\u00f3ns na Uni\u00f3n Europea. Dossieres lexislativos como ponente alternativo Explora a mi\u00f1a contribuci\u00f3n no proceso de redacci\u00f3n [&hellip;]<\/p>\n","protected":false},"author":5,"featured_media":0,"parent":0,"menu_order":0,"comment_status":"closed","ping_status":"closed","template":"elementor_header_footer","meta":{"footnotes":""},"yoast_head":"<!-- This site is optimized with the Yoast SEO plugin v22.3 - https:\/\/yoast.com\/wordpress\/plugins\/seo\/ -->\n<title>Parlamento-gal - Nico G. Casares<\/title>\n<meta name=\"robots\" content=\"index, follow, max-snippet:-1, max-image-preview:large, max-video-preview:-1\" \/>\n<link rel=\"canonical\" href=\"https:\/\/nicogcasares.eu\/actividad-parlamentaria\/\" \/>\n<meta property=\"og:locale\" content=\"gl_ES\" \/>\n<meta property=\"og:type\" content=\"article\" \/>\n<meta property=\"og:title\" content=\"Parlamento-gal - Nico G. Casares\" \/>\n<meta property=\"og:description\" content=\"Parlamento Dende aqu\u00ed poder\u00e1s acceder a toda a mi\u00f1a actividades parlamentaria e seguir o meu d\u00eda a d\u00eda no Parlamento europeo. Intervenci\u00f3ns Aqu\u00ed atopar\u00e1s a mi\u00f1a participaci\u00f3n en debates, votaci\u00f3ns e outros temas claves para a toma de decisi\u00f3ns na Uni\u00f3n Europea. Dossieres lexislativos como ponente alternativo Explora a mi\u00f1a contribuci\u00f3n no proceso de redacci\u00f3n [&hellip;]\" \/>\n<meta property=\"og:url\" content=\"https:\/\/nicogcasares.eu\/actividad-parlamentaria\/\" \/>\n<meta property=\"og:site_name\" content=\"Nico G. Casares\" \/>\n<meta property=\"article:modified_time\" content=\"2024-10-30T21:08:56+00:00\" \/>\n<meta property=\"og:image\" content=\"https:\/\/nicogcasares.eu\/wp-content\/uploads\/2023\/07\/Nicolas-Gonzalez-Casares.-ALEXIS-HAULOT-PE.jpg\" \/>\n\t<meta property=\"og:image:width\" content=\"768\" \/>\n\t<meta property=\"og:image:height\" content=\"512\" \/>\n\t<meta property=\"og:image:type\" content=\"image\/jpeg\" \/>\n<meta name=\"twitter:card\" content=\"summary_large_image\" \/>\n<meta name=\"twitter:site\" content=\"@nicogoncas\" \/>\n<meta name=\"twitter:label1\" content=\"Tempo de lectura\" \/>\n\t<meta name=\"twitter:data1\" content=\"2 minutos\" \/>\n<script type=\"application\/ld+json\" class=\"yoast-schema-graph\">{\"@context\":\"https:\/\/schema.org\",\"@graph\":[{\"@type\":\"WebPage\",\"@id\":\"https:\/\/nicogcasares.eu\/actividad-parlamentaria\/\",\"url\":\"https:\/\/nicogcasares.eu\/actividad-parlamentaria\/\",\"name\":\"Parlamento-gal - Nico G. Casares\",\"isPartOf\":{\"@id\":\"https:\/\/nicogcasares.eu\/gl\/#website\"},\"datePublished\":\"2024-10-24T11:35:04+00:00\",\"dateModified\":\"2024-10-30T21:08:56+00:00\",\"breadcrumb\":{\"@id\":\"https:\/\/nicogcasares.eu\/actividad-parlamentaria\/#breadcrumb\"},\"inLanguage\":\"gl-ES\",\"potentialAction\":[{\"@type\":\"ReadAction\",\"target\":[\"https:\/\/nicogcasares.eu\/actividad-parlamentaria\/\"]}]},{\"@type\":\"BreadcrumbList\",\"@id\":\"https:\/\/nicogcasares.eu\/actividad-parlamentaria\/#breadcrumb\",\"itemListElement\":[{\"@type\":\"ListItem\",\"position\":1,\"name\":\"Portada\",\"item\":\"https:\/\/nicogcasares.eu\/gl\/\"},{\"@type\":\"ListItem\",\"position\":2,\"name\":\"Parlamento-gal\"}]},{\"@type\":\"WebSite\",\"@id\":\"https:\/\/nicogcasares.eu\/gl\/#website\",\"url\":\"https:\/\/nicogcasares.eu\/gl\/\",\"name\":\"Nico G. Casares\",\"description\":\"Diputado socialista en el parlamento europeo\",\"publisher\":{\"@id\":\"https:\/\/nicogcasares.eu\/gl\/#\/schema\/person\/75361477143e596646d48598a3778163\"},\"potentialAction\":[{\"@type\":\"SearchAction\",\"target\":{\"@type\":\"EntryPoint\",\"urlTemplate\":\"https:\/\/nicogcasares.eu\/gl\/?s={search_term_string}\"},\"query-input\":\"required name=search_term_string\"}],\"inLanguage\":\"gl-ES\"},{\"@type\":[\"Person\",\"Organization\"],\"@id\":\"https:\/\/nicogcasares.eu\/gl\/#\/schema\/person\/75361477143e596646d48598a3778163\",\"name\":\"Nicol\u00e1s Gonz\u00e1lez Casares\",\"image\":{\"@type\":\"ImageObject\",\"inLanguage\":\"gl-ES\",\"@id\":\"https:\/\/nicogcasares.eu\/gl\/#\/schema\/person\/image\/\",\"url\":\"https:\/\/nicogcasares.eu\/wp-content\/uploads\/2021\/11\/20211006_EP-119139A_FMA_0895_RESIZED_S.jpg\",\"contentUrl\":\"https:\/\/nicogcasares.eu\/wp-content\/uploads\/2021\/11\/20211006_EP-119139A_FMA_0895_RESIZED_S.jpg\",\"width\":639,\"height\":426,\"caption\":\"Nicol\u00e1s Gonz\u00e1lez Casares\"},\"logo\":{\"@id\":\"https:\/\/nicogcasares.eu\/gl\/#\/schema\/person\/image\/\"}}]}<\/script>\n<!-- \/ Yoast SEO plugin. -->","yoast_head_json":{"title":"Parlamento-gal - Nico G. Casares","robots":{"index":"index","follow":"follow","max-snippet":"max-snippet:-1","max-image-preview":"max-image-preview:large","max-video-preview":"max-video-preview:-1"},"canonical":"https:\/\/nicogcasares.eu\/actividad-parlamentaria\/","og_locale":"gl_ES","og_type":"article","og_title":"Parlamento-gal - Nico G. Casares","og_description":"Parlamento Dende aqu\u00ed poder\u00e1s acceder a toda a mi\u00f1a actividades parlamentaria e seguir o meu d\u00eda a d\u00eda no Parlamento europeo. Intervenci\u00f3ns Aqu\u00ed atopar\u00e1s a mi\u00f1a participaci\u00f3n en debates, votaci\u00f3ns e outros temas claves para a toma de decisi\u00f3ns na Uni\u00f3n Europea. Dossieres lexislativos como ponente alternativo Explora a mi\u00f1a contribuci\u00f3n no proceso de redacci\u00f3n [&hellip;]","og_url":"https:\/\/nicogcasares.eu\/actividad-parlamentaria\/","og_site_name":"Nico G. Casares","article_modified_time":"2024-10-30T21:08:56+00:00","og_image":[{"width":768,"height":512,"url":"https:\/\/nicogcasares.eu\/wp-content\/uploads\/2023\/07\/Nicolas-Gonzalez-Casares.-ALEXIS-HAULOT-PE.jpg","type":"image\/jpeg"}],"twitter_card":"summary_large_image","twitter_site":"@nicogoncas","twitter_misc":{"Tempo de lectura":"2 minutos"},"schema":{"@context":"https:\/\/schema.org","@graph":[{"@type":"WebPage","@id":"https:\/\/nicogcasares.eu\/actividad-parlamentaria\/","url":"https:\/\/nicogcasares.eu\/actividad-parlamentaria\/","name":"Parlamento-gal - Nico G. Casares","isPartOf":{"@id":"https:\/\/nicogcasares.eu\/gl\/#website"},"datePublished":"2024-10-24T11:35:04+00:00","dateModified":"2024-10-30T21:08:56+00:00","breadcrumb":{"@id":"https:\/\/nicogcasares.eu\/actividad-parlamentaria\/#breadcrumb"},"inLanguage":"gl-ES","potentialAction":[{"@type":"ReadAction","target":["https:\/\/nicogcasares.eu\/actividad-parlamentaria\/"]}]},{"@type":"BreadcrumbList","@id":"https:\/\/nicogcasares.eu\/actividad-parlamentaria\/#breadcrumb","itemListElement":[{"@type":"ListItem","position":1,"name":"Portada","item":"https:\/\/nicogcasares.eu\/gl\/"},{"@type":"ListItem","position":2,"name":"Parlamento-gal"}]},{"@type":"WebSite","@id":"https:\/\/nicogcasares.eu\/gl\/#website","url":"https:\/\/nicogcasares.eu\/gl\/","name":"Nico G. Casares","description":"Diputado socialista en el parlamento europeo","publisher":{"@id":"https:\/\/nicogcasares.eu\/gl\/#\/schema\/person\/75361477143e596646d48598a3778163"},"potentialAction":[{"@type":"SearchAction","target":{"@type":"EntryPoint","urlTemplate":"https:\/\/nicogcasares.eu\/gl\/?s={search_term_string}"},"query-input":"required name=search_term_string"}],"inLanguage":"gl-ES"},{"@type":["Person","Organization"],"@id":"https:\/\/nicogcasares.eu\/gl\/#\/schema\/person\/75361477143e596646d48598a3778163","name":"Nicol\u00e1s Gonz\u00e1lez Casares","image":{"@type":"ImageObject","inLanguage":"gl-ES","@id":"https:\/\/nicogcasares.eu\/gl\/#\/schema\/person\/image\/","url":"https:\/\/nicogcasares.eu\/wp-content\/uploads\/2021\/11\/20211006_EP-119139A_FMA_0895_RESIZED_S.jpg","contentUrl":"https:\/\/nicogcasares.eu\/wp-content\/uploads\/2021\/11\/20211006_EP-119139A_FMA_0895_RESIZED_S.jpg","width":639,"height":426,"caption":"Nicol\u00e1s Gonz\u00e1lez Casares"},"logo":{"@id":"https:\/\/nicogcasares.eu\/gl\/#\/schema\/person\/image\/"}}]}},"_links":{"self":[{"href":"https:\/\/nicogcasares.eu\/gl\/wp-json\/wp\/v2\/pages\/7227"}],"collection":[{"href":"https:\/\/nicogcasares.eu\/gl\/wp-json\/wp\/v2\/pages"}],"about":[{"href":"https:\/\/nicogcasares.eu\/gl\/wp-json\/wp\/v2\/types\/page"}],"author":[{"embeddable":true,"href":"https:\/\/nicogcasares.eu\/gl\/wp-json\/wp\/v2\/users\/5"}],"replies":[{"embeddable":true,"href":"https:\/\/nicogcasares.eu\/gl\/wp-json\/wp\/v2\/comments?post=7227"}],"version-history":[{"count":3,"href":"https:\/\/nicogcasares.eu\/gl\/wp-json\/wp\/v2\/pages\/7227\/revisions"}],"predecessor-version":[{"id":7640,"href":"https:\/\/nicogcasares.eu\/gl\/wp-json\/wp\/v2\/pages\/7227\/revisions\/7640"}],"wp:attachment":[{"href":"https:\/\/nicogcasares.eu\/gl\/wp-json\/wp\/v2\/media?parent=7227"}],"curies":[{"name":"wp","href":"https:\/\/api.w.org\/{rel}","templated":true}]}}